{"id":108,"date":"2018-11-17T13:19:33","date_gmt":"2018-11-17T13:19:33","guid":{"rendered":"http:\/\/uebergenerationen.raa-leipzig.de\/?page_id=108"},"modified":"2023-10-26T07:36:37","modified_gmt":"2023-10-26T07:36:37","slug":"home","status":"publish","type":"page","link":"https:\/\/uebergenerationen.raa-leipzig.de\/?page_id=108","title":{"rendered":"F\u00f6rderprogramm"},"content":{"rendered":"<div id=\"c127937\">\u00a0<\/div>\n<div id=\"c129484\">\n<section>\n<div class=\"clear\">\n<div id=\"c267342\" class=\"contentelement\">\n<div id=\"c267342\" class=\"frame frame-default frame-type-text frame-layout-0\">\n<div class=\"rte_text\"><header>\n<h2 class=\"\">Die Ziele<\/h2>\n<\/header>\n<p>Ziel der F\u00f6rderung ist es, durch verschiedene niedrigschwellige Vorhaben die Situation von Kindern und Jugendlichen, Personen mit geringen Chancen auf dem Arbeitsmarkt sowie von sozialer Ausgrenzung und Isolation betroffene beziehungsweise bedrohte Personen in sozial benachteiligten Stadtgebieten nachhaltig zu verbessern.<\/p>\n<p>Gef\u00f6rdert werden k\u00f6nnen Vorhaben in den folgenden Handlungsfeldern:<\/p>\n<ul>\n<li>Stadtteilvorhaben \u201eInformelle Kinder- und Jugendbildung\u201c<\/li>\n<li>Stadtteilvorhaben \u201eSoziale Integration\u201c<\/li>\n<li>Stadtteilvorhaben \u201eWirtschaft im Quartier\u201c<\/li>\n<li>Begleitende Ma\u00dfnahmen<\/li>\n<\/ul>\n<\/div>\n<\/div>\n<\/div>\n<div id=\"c267035\" class=\"contentelement\">\n<div id=\"c267035\" class=\"frame frame-default frame-type-text frame-layout-0\">\n<div class=\"rte_text\"><header>\n<h2 class=\"\">Die Gebiete<\/h2>\n<\/header>\n<p>Die Stadt Leipzig beabsichtigt f\u00fcr die Schwerpunktgebiete der integrierten Stadtteilentwicklung <a href=\"https:\/\/www.leipzig.de\/bauen-und-wohnen\/foerdergebiete\/leipzig-gruenau\">Gr\u00fcnau<\/a>, <a href=\"https:\/\/www.leipzig.de\/bauen-und-wohnen\/foerdergebiete\/schoenefeld\">Sch\u00f6nefeld<\/a> und <a href=\"https:\/\/www.leipzig.de\/bauen-und-wohnen\/foerdergebiete\/mockau\">Mockau<\/a> Antr\u00e4ge f\u00fcr das F\u00f6rderprogramm\u201eNachhaltige soziale Stadtentwicklung ESF Plus 2021\u20132027\u201c zu stellen.<\/p>\n<p>Nachdem Sch\u00f6nefeld schon in der letzten F\u00f6rderperiode von 2014 bis 2020 ber\u00fccksichtigt wurde, erweitert die Stadt Leipzig nun zum einen dieses Gebiet um das Stadtgebiet Mockau und nimmt zus\u00e4tzlich das Gebiet Gr\u00fcnau bei der Antragsstellung mit auf.<\/p>\n<\/div>\n<\/div>\n<\/div>\n<div id=\"c267037\" class=\"contentelement\">\n<div id=\"c267037\" class=\"frame frame-default frame-type-uploads frame-layout-0\"><header>\n<h3 class=\"\">Das geplante ESF-F\u00f6rdergebiet Sch\u00f6nefeld\/Mockau<\/h3>\n<\/header>\n<ul class=\"ce-uploads csc-uploads\">\n<li class=\" li-odd li-first csc-uploads-element csc-uploads-element-pdf\"><img loading=\"lazy\" title=\"pdf zum Download\" src=\"https:\/\/static.leipzig.de\/typo3conf\/ext\/mkleipzig\/Resources\/Public\/img\/ico\/pdf.png\" alt=\"pdf zum Download\" width=\"22\" height=\"28\" \/>\n<div class=\"csc-uploads-text-wrapper\"><span class=\"ce-uploads-fileName csc-uploads-fileName\"><a title=\"Karte des geplanten ESF-F\u00f6rdergebietes Sch\u00f6nefeld\/ Mockau 2021 bis 2027\" href=\"https:\/\/static.leipzig.de\/fileadmin\/mediendatenbank\/leipzig-de\/Stadt\/02.6_Dez6_Stadtentwicklung_Bau\/64_Amt_fuer_Stadterneuerung_und_Wohnungsbaufoerderung\/ESF_2021-2027\/A3_ESF_Schonefeld_Mockau_2027.pdf\">Karte des geplanten ESF-F\u00f6rdergebietes Sch\u00f6nefeld\/ Mockau 2021 bis 2027 <\/a><\/span><span class=\"csc-uploads-fileformat\">PDF, <\/span><span class=\"ce-uploads-filesize csc-uploads-fileSize\">3 MB<\/span><\/div>\n<\/li>\n<\/ul>\n<\/div>\n<\/div>\n<div id=\"c267045\" class=\"contentelement\">\n<div id=\"c267045\" class=\"frame frame-default frame-type-uploads frame-layout-0\"><header>\n<h3 class=\"\">Das geplante ESF-F\u00f6rdergebiet Gr\u00fcnau<\/h3>\n<\/header>\n<ul class=\"ce-uploads csc-uploads\">\n<li class=\" li-odd li-first csc-uploads-element csc-uploads-element-pdf\"><img loading=\"lazy\" title=\"pdf zum Download\" src=\"https:\/\/static.leipzig.de\/typo3conf\/ext\/mkleipzig\/Resources\/Public\/img\/ico\/pdf.png\" alt=\"pdf zum Download\" width=\"22\" height=\"28\" \/>\n<div class=\"csc-uploads-text-wrapper\"><span class=\"ce-uploads-fileName csc-uploads-fileName\"><a title=\"Karte des geplanten ESF-F\u00f6rdergebietes Gr\u00fcnau 2021 bis 2027\" href=\"https:\/\/static.leipzig.de\/fileadmin\/mediendatenbank\/leipzig-de\/Stadt\/02.6_Dez6_Stadtentwicklung_Bau\/64_Amt_fuer_Stadterneuerung_und_Wohnungsbaufoerderung\/ESF_2021-2027\/A3_ESF_Grunau_2027.pdf\">Karte des geplanten ESF-F\u00f6rdergebietes Gr\u00fcnau 2021 bis 2027 <\/a><\/span><span class=\"csc-uploads-fileformat\">PDF, <\/span><span class=\"ce-uploads-filesize csc-uploads-fileSize\">3 MB<\/span><\/div>\n<\/li>\n<\/ul>\n<\/div>\n<\/div>\n<div id=\"c267047\" class=\"contentelement\">\n<div id=\"c267047\" class=\"frame frame-default frame-type-text frame-layout-0\">\n<div class=\"rte_text\"><header>\n<h2 class=\"\">Hintergrund<\/h2>\n<\/header>\n<p>Das aus dem Europ\u00e4ischen Sozialfonds (ESF) gef\u00f6rderte Programm \u201eNachhaltige soziale Stadtentwicklung\u201c wird vom S\u00e4chsischen Staatsministerium f\u00fcr Regionalentwicklung (SMR) f\u00fcr den F\u00f6rderzeitraum 2021\u20132027 erneut aufgelegt. Die Stadt Leipzig muss f\u00fcr die zweistufige Beantragung zun\u00e4chst ein gebietsbezogenes integriertes Handlungskonzept (GIHK) inklusive der geplanten Vorhaben erstellen, welches vom F\u00f6rdermittelgeber bewilligt werden muss. Im Anschluss an die Bewilligung k\u00f6nnen dann Einzelprojektantr\u00e4ge eingereicht werden. Aufgrund des zweistufigen Verfahrens wird eine Umsetzung von Einzelvorhaben nicht vor dem 01.07.2023 beginnen k\u00f6nnen.<\/p>\n<\/div>\n<\/div>\n<\/div>\n<div id=\"c267049\" class=\"contentelement\">\n<div id=\"c267049\" class=\"frame frame-default frame-type-text frame-layout-0\">\n<div class=\"rte_text\"><header>\n<h2 class=\"\">Weiterf\u00fchrende Links und Informationen<\/h2>\n<\/header>\n<ul>\n<li>Richtlinie <a href=\"https:\/\/bauen-wohnen.sachsen.de\/download\/ESF_Richtlinie2021_2027.pdf\" target=\"_blank\" rel=\"noopener noreferrer\">Nachhaltige soziale Stadtentwicklung ESF Plus 2021-2027<\/a> vom S\u00e4chsischen Staatsministerium f\u00fcr Regionalentwicklung<\/li>\n<li><a href=\"https:\/\/fs.egov.sachsen.de\/formserv\/findform?shortname=sab62118&amp;areashortname=sab\" target=\"_blank\" rel=\"noopener noreferrer\">Vorlage f\u00fcr Vorhabensblatt<\/a><\/li>\n<li><a href=\"https:\/\/www.sab.sachsen.de\/f%C3%B6rderprogramme\/sie-ben%C3%B6tigen-unterst%C3%BCtzung-bei-sozialen-f%C3%B6rderthemen\/esf-plus-richtlinie-nachhaltige-soziale-stadtentwicklung-2021-2027.jsp\" target=\"_blank\" rel=\"noopener noreferrer\">Informationen der S\u00e4chsischen Aufbaubank (SAB)<\/a> zur Richtlinie Nachhaltige soziale Stadtentwicklung ESF Plus 2021-2027<\/li>\n<\/ul>\n<\/div>\n<\/div>\n<\/div>\n<div class=\"fce_sponsoren_logos row\">\n<h2 style=\"text-align: center;\">Partner und F\u00f6rderer<\/h2>\n<div class=\"fce_sponsoren_logos row\">\n<section>\n<div class=\"fce_text_mit_bild txtWhitImageSmall left\">\n<div class=\"image_wrapper klein\" style=\"text-align: center;\">\n<div class=\"image_container klein\"><img loading=\"lazy\" title=\"EU Logo ohne Schriftzug\" src=\"https:\/\/static.leipzig.de\/fileadmin\/_processed_\/7\/e\/csm_EU_Logo_ohne_Schriftzug_78a56fa001.jpg\" alt=\"Logo Europ\u00e4ische Union - Blauer Flagge mit Sternenkreis\" width=\"200\" height=\"133\" \/><\/div>\n<\/div>\n<p style=\"text-align: center;\">Kofinanziert von der Europ\u00e4ischen Union<\/p>\n<\/div>\n<\/section>\n<\/div>\n<\/div>\n<\/div>\n<\/section>\n<\/div>\n<div id=\"c151590\">\n<section>\n<div class=\"fce_text_mit_bild txtWhitImageSmall left\">\n<div class=\"image_wrapper klein\">\u00a0<\/div>\n<\/div>\n<\/section>\n<\/div>\n<div id=\"c128615\">\n<div id=\"c129229\">\n<div class=\"fce_container col-sm-6 col-md-4\">\n<div class=\"image_container\">\u00a0<\/div>\n<\/div>\n<\/div>\n<\/div>\n\n\n<p><\/p>\n","protected":false},"excerpt":{"rendered":"<p>\u00a0 Die Ziele Ziel der F\u00f6rderung ist es, durch verschiedene niedrigschwellige Vorhaben die Situation von Kindern und Jugendlichen, Personen mit geringen Chancen auf dem Arbeitsmarkt sowie von sozialer Ausgrenzung und Isolation betroffene beziehungsweise bedrohte Personen in sozial benachteiligten Stadtgebieten nachhaltig zu verbessern. Gef\u00f6rdert werden k\u00f6nnen Vorhaben in den folgenden Handlungsfeldern: Stadtteilvorhaben \u201eInformelle Kinder- und Jugendbildung\u201c<\/p><\/div>\n<div class=\"blog-btn\"><a href=\"https:\/\/uebergenerationen.raa-leipzig.de\/?page_id=108\" class=\"home-blog-btn\">Weiterlesen<\/a><\/p>\n","protected":false},"author":1,"featured_media":0,"parent":0,"menu_order":3,"comment_status":"closed","ping_status":"closed","template":"","meta":{"h5ap_radio_sources":[]},"_links":{"self":[{"href":"https:\/\/uebergenerationen.raa-leipzig.de\/index.php?rest_route=\/wp\/v2\/pages\/108"}],"collection":[{"href":"https:\/\/uebergenerationen.raa-leipzig.de\/index.php?rest_route=\/wp\/v2\/pages"}],"about":[{"href":"https:\/\/uebergenerationen.raa-leipzig.de\/index.php?rest_route=\/wp\/v2\/types\/page"}],"author":[{"embeddable":true,"href":"https:\/\/uebergenerationen.raa-leipzig.de\/index.php?rest_route=\/wp\/v2\/users\/1"}],"replies":[{"embeddable":true,"href":"https:\/\/uebergenerationen.raa-leipzig.de\/index.php?rest_route=%2Fwp%2Fv2%2Fcomments&post=108"}],"version-history":[{"count":8,"href":"https:\/\/uebergenerationen.raa-leipzig.de\/index.php?rest_route=\/wp\/v2\/pages\/108\/revisions"}],"predecessor-version":[{"id":862,"href":"https:\/\/uebergenerationen.raa-leipzig.de\/index.php?rest_route=\/wp\/v2\/pages\/108\/revisions\/862"}],"wp:attachment":[{"href":"https:\/\/uebergenerationen.raa-leipzig.de\/index.php?rest_route=%2Fwp%2Fv2%2Fmedia&parent=108"}],"curies":[{"name":"wp","href":"https:\/\/api.w.org\/{rel}","templated":true}]}}